{"id":969,"date":"2011-10-09T10:38:58","date_gmt":"2011-10-09T10:38:58","guid":{"rendered":"http:\/\/susuzirmak.com\/?page_id=969"},"modified":"2021-06-08T10:58:52","modified_gmt":"2021-06-08T07:58:52","slug":"free-as-in-freedom","status":"publish","type":"page","link":"https:\/\/susuzirmak.com\/index.php\/free-as-in-freedom\/","title":{"rendered":"Free as in freedom!!"},"content":{"rendered":"\t\t<div data-elementor-type=\"wp-page\" data-elementor-id=\"969\" class=\"elementor elementor-969\">\n\t\t\t\t\t\t<section class=\"elementor-section elementor-top-section elementor-element elementor-element-2fa68470 elementor-section-boxed elementor-section-height-default elementor-section-height-default\" data-id=\"2fa68470\" data-element_type=\"section\">\n\t\t\t\t\t\t<div class=\"elementor-container elementor-column-gap-default\">\n\t\t\t\t\t<div class=\"elementor-column elementor-col-100 elementor-top-column elementor-element elementor-element-26fc18e5\" data-id=\"26fc18e5\" data-element_type=\"column\">\n\t\t\t<div class=\"elementor-widget-wrap elementor-element-populated\">\n\t\t\t\t\t\t<div class=\"elementor-element elementor-element-18d794e3 elementor-widget elementor-widget-text-editor\" data-id=\"18d794e3\" data-element_type=\"widget\" data-widget_type=\"text-editor.default\">\n\t\t\t\t<div class=\"elementor-widget-container\">\n\t\t\t\t\t\t\t\t\t\u00d6zg\u00fcrl\u00fc\u011f\u00fc bir b\u00fct\u00fcn halinde de\u011ferlendirmek san\u0131yorum art\u0131k teknolojinin bu kadar hayat\u0131m\u0131z\u0131n i\u00e7ine girmesiyle kesinle\u015fmi\u015f durumda.\t\t\t\t\t\t\t\t<\/div>\n\t\t\t\t<\/div>\n\t\t\t\t\t<\/div>\n\t\t<\/div>\n\t\t\t\t\t<\/div>\n\t\t<\/section>\n\t\t\t\t<section class=\"elementor-section elementor-top-section elementor-element elementor-element-6ffb7a5 elementor-section-boxed elementor-section-height-default elementor-section-height-default\" data-id=\"6ffb7a5\" data-element_type=\"section\">\n\t\t\t\t\t\t<div class=\"elementor-container elementor-column-gap-default\">\n\t\t\t\t\t<div class=\"elementor-column elementor-col-100 elementor-top-column elementor-element elementor-element-7a4bec7\" data-id=\"7a4bec7\" data-element_type=\"column\">\n\t\t\t<div class=\"elementor-widget-wrap elementor-element-populated\">\n\t\t\t\t\t\t<div class=\"elementor-element elementor-element-b6e91fb elementor-widget elementor-widget-image\" data-id=\"b6e91fb\" data-element_type=\"widget\" data-widget_type=\"image.default\">\n\t\t\t\t<div class=\"elementor-widget-container\">\n\t\t\t\t\t\t\t\t\t\t\t\t\t\t\t<img fetchpriority=\"high\" decoding=\"async\" width=\"300\" height=\"300\" src=\"https:\/\/susuzirmak.com\/wp-content\/uploads\/2020\/09\/Word-Art4-300x300.png\" class=\"attachment-medium size-medium wp-image-2046\" alt=\"\" srcset=\"https:\/\/susuzirmak.com\/wp-content\/uploads\/2020\/09\/Word-Art4-300x300.png 300w, https:\/\/susuzirmak.com\/wp-content\/uploads\/2020\/09\/Word-Art4-150x150.png 150w, https:\/\/susuzirmak.com\/wp-content\/uploads\/2020\/09\/Word-Art4-640x640.png 640w, https:\/\/susuzirmak.com\/wp-content\/uploads\/2020\/09\/Word-Art4.png 707w\" sizes=\"(max-width: 300px) 100vw, 300px\" \/>\t\t\t\t\t\t\t\t\t\t\t\t\t\t\t<\/div>\n\t\t\t\t<\/div>\n\t\t\t\t\t<\/div>\n\t\t<\/div>\n\t\t\t\t\t<\/div>\n\t\t<\/section>\n\t\t\t\t<section class=\"elementor-section elementor-top-section elementor-element elementor-element-4cdcc36 elementor-section-boxed elementor-section-height-default elementor-section-height-default\" data-id=\"4cdcc36\" data-element_type=\"section\">\n\t\t\t\t\t\t<div class=\"elementor-container elementor-column-gap-default\">\n\t\t\t\t\t<div class=\"elementor-column elementor-col-100 elementor-top-column elementor-element elementor-element-e4c454f\" data-id=\"e4c454f\" data-element_type=\"column\">\n\t\t\t<div class=\"elementor-widget-wrap elementor-element-populated\">\n\t\t\t\t\t\t<div class=\"elementor-element elementor-element-4b1b81d elementor-widget elementor-widget-text-editor\" data-id=\"4b1b81d\" data-element_type=\"widget\" data-widget_type=\"text-editor.default\">\n\t\t\t\t<div class=\"elementor-widget-container\">\n\t\t\t\t\t\t\t\t\t<p>Konu \u00f6zg\u00fcrl\u00fck olunca kapsam\u0131n\u0131 hayat\u0131n her alan\u0131na geni\u015fletmek gerekiyor. En g\u00fcncel verilere g\u00f6re benim memleketim \u00f6zg\u00fcrl\u00fck s\u0131ralamas\u0131nda 154. s\u0131radaym\u0131\u015f. <strong><a href=\"https:\/\/rsf.org\/en\/taxonomy\/term\/145\">Buradan<\/a><\/strong>\u00a0\u00f6\u011frenilebilir. Bu s\u0131ralamaya ayn\u0131 sayfadan ilk bakt\u0131\u011f\u0131mda 148. s\u0131radayd\u0131k.<\/p><p>Ben telefonuma d\u00fc\u015fen bir <strong>RSS<\/strong> bilgilendirmesiyle fark ettim bu haberi. G\u00fcn i\u00e7erisinde \u00e7e\u015fitli gruplardan gelen mailleri takip ediyorum. \u00c7o\u011funlukla yine telefonumdan. Bir s\u00fcredir \u00f6zg\u00fcrl\u00fcklerin <strong>Android<\/strong>&#8216;ler cephesindeki \u00f6neminden de bahsedilen bir ka\u00e7 mail ald\u0131m.<\/p><p id=\"intro-text\"><strong><a href=\"http:\/\/www.fsf.org\/\">Free Software Foundation<\/a>\u00a0<\/strong>taraf\u0131ndan bilgilendirici ve y\u00f6nlendirici bir kampanya ba\u015flat\u0131ld\u0131\u011f\u0131 dikkatimi \u00e7ekti.<\/p><p><strong><a href=\"http:\/\/fsfe.org\/campaigns\/android\/android.en.html\">Free Your Android!<\/a>\u00a0<\/strong>isimli kampanya<strong>\u00a0<\/strong>\u00e7e\u015fitli uyar\u0131larla kullan\u0131c\u0131lara yol g\u00f6sterici nitelikte.<\/p><p>Uzun zamand\u0131r akl\u0131mdayd\u0131. Ama vakit bulup ara\u015ft\u0131ramam\u0131\u015ft\u0131m. Sorular\u0131m\u0131 netle\u015ftirmemi sa\u011flad\u0131 bu kampanya.<\/p><p>Peki telefonumda \u00f6zg\u00fcrl\u00fckler ne durumda? Program kurulumu s\u0131ras\u0131nda gerekli izinleri a\u00e7\u0131k\u00e7as\u0131 hi\u00e7 irdelemeden veriyorum \u00e7o\u011fu zaman. Ama bunun sonucunda neleri kabul ettim emin de\u011filim.<\/p><p>Eski maillleri tekrar g\u00f6zden ge\u00e7irince g\u00fczel \u015feyler ke\u015ffettim.<\/p><p><strong><a href=\"https:\/\/play.google.com\/store\/apps\/details?id=org.androidsoft.app.permission&amp;hl=tr\" class=\"broken_link\">Permission Friendly Apps<\/a> <\/strong>isimli program olduk\u00e7a ba\u015far\u0131l\u0131. Kurdu\u011fumdan beri gereksiz izinlerini fark etti\u011fim pek \u00e7ok uygulamay\u0131 sistemimden kald\u0131rd\u0131m. Evet art\u0131k yeni nesil telefonlarda bu izinleri y\u00f6netmek daha kolay ama bir yandan da \u00e7o\u011fu uygulamay\u0131 bu izinleri vermeden \u00e7al\u0131\u015ft\u0131rman\u0131z m\u00fcmk\u00fcn de\u011fil.<\/p><p>Ayn\u0131 geli\u015ftiricinin yani<strong>\u00a0<a href=\"http:\/\/www.androidsoft.org\/\">http:\/\/www.androidsoft.org\/<\/a>\u00a0<\/strong>ekibinin di\u011fer programlar\u0131n\u0131 inceledim.<\/p><p>Evet bu fikirler asl\u0131nda \u00f6zg\u00fcrl\u00fck denilemeyek kadar basit s\u0131n\u0131rlar\u0131 tarif ediyor. <strong>Teknolojik \u00d6zg\u00fcrl\u00fck<\/strong>.<\/p><p>\u00dcstelik daha genelde \u00fcst s\u0131ralara yakla\u015famam\u0131\u015fken.<\/p><p>\u00dcstelik her g\u00fcn umudumuzu biraz daha t\u00f6rp\u00fcleyen geli\u015fmeler ya\u015fan\u0131rken. Okullar\u0131m\u0131zda, i\u015f yerlerimizde ve sesimizi y\u00fckseltmeye \u00e7al\u0131\u015ft\u0131\u011f\u0131m\u0131z her alanda susturulurken. Her g\u00fcne yeni bir yasak korkusuyla uyan\u0131rken telefonumuz \u00f6zg\u00fcr olsa ne olur? Hay\u0131r asl\u0131nda \u00f6zg\u00fcrl\u00fck b\u00fct\u00fcn bunlar\u0131n toplam\u0131d\u0131r. Ve hep m\u00fccadeleyle kazan\u0131l\u0131r. S\u00f6ylendi\u011fi gibi..<\/p>\t\t\t\t\t\t\t\t<\/div>\n\t\t\t\t<\/div>\n\t\t\t\t\t<\/div>\n\t\t<\/div>\n\t\t\t\t\t<\/div>\n\t\t<\/section>\n\t\t\t\t<section class=\"elementor-section elementor-top-section elementor-element elementor-element-03f6868 elementor-section-boxed elementor-section-height-default elementor-section-height-default\" data-id=\"03f6868\" data-element_type=\"section\">\n\t\t\t\t\t\t<div class=\"elementor-container elementor-column-gap-default\">\n\t\t\t\t\t<div class=\"elementor-column elementor-col-100 elementor-top-column elementor-element elementor-element-ce7d171\" data-id=\"ce7d171\" data-element_type=\"column\">\n\t\t\t<div class=\"elementor-widget-wrap elementor-element-populated\">\n\t\t\t\t\t\t<div class=\"elementor-element elementor-element-063cb83 elementor-widget elementor-widget-image\" data-id=\"063cb83\" data-element_type=\"widget\" data-widget_type=\"image.default\">\n\t\t\t\t<div class=\"elementor-widget-container\">\n\t\t\t\t\t\t\t\t\t\t\t\t<figure class=\"wp-caption\">\n\t\t\t\t\t\t\t\t\t\t<img decoding=\"async\" width=\"768\" height=\"348\" src=\"https:\/\/susuzirmak.com\/wp-content\/uploads\/2020\/09\/freedom-1-768x348.png\" class=\"attachment-medium_large size-medium_large wp-image-2060\" alt=\"\" srcset=\"https:\/\/susuzirmak.com\/wp-content\/uploads\/2020\/09\/freedom-1-768x348.png 768w, https:\/\/susuzirmak.com\/wp-content\/uploads\/2020\/09\/freedom-1-300x136.png 300w, https:\/\/susuzirmak.com\/wp-content\/uploads\/2020\/09\/freedom-1-1024x463.png 1024w, https:\/\/susuzirmak.com\/wp-content\/uploads\/2020\/09\/freedom-1-640x290.png 640w, https:\/\/susuzirmak.com\/wp-content\/uploads\/2020\/09\/freedom-1.png 1200w\" sizes=\"(max-width: 768px) 100vw, 768px\" \/>\t\t\t\t\t\t\t\t\t\t\t<figcaption class=\"widget-image-caption wp-caption-text\"><\/figcaption>\n\t\t\t\t\t\t\t\t\t\t<\/figure>\n\t\t\t\t\t\t\t\t\t<\/div>\n\t\t\t\t<\/div>\n\t\t\t\t\t<\/div>\n\t\t<\/div>\n\t\t\t\t\t<\/div>\n\t\t<\/section>\n\t\t\t\t<\/div>\n\t\t","protected":false},"excerpt":{"rendered":"<p>\u00d6zg\u00fcrl\u00fc\u011f\u00fc bir b\u00fct\u00fcn halinde de\u011ferlendirmek san\u0131yorum art\u0131k teknolojinin bu kadar hayat\u0131m\u0131z\u0131n i\u00e7ine girmesiyle kesinle\u015fmi\u015f durumda. Konu \u00f6zg\u00fcrl\u00fck olunca kapsam\u0131n\u0131 hayat\u0131n&#8230;<\/p>\n","protected":false},"author":1,"featured_media":0,"parent":0,"menu_order":0,"comment_status":"open","ping_status":"open","template":"","meta":{"cybocfi_hide_featured_image":"","footnotes":""},"class_list":["post-969","page","type-page","status-publish","hentry","entry"],"yoast_head":"<!-- This site is optimized with the Yoast SEO plugin v26.0 - https:\/\/yoast.com\/wordpress\/plugins\/seo\/ -->\n<title>Free as in freedom!! - Bir Aceminin Linux G\u00fcnl\u00fc\u011f\u00fc<\/title>\n<meta name=\"description\" content=\"\u00d6zg\u00fcrl\u00fc\u011f\u00fc bir b\u00fct\u00fcn halinde de\u011ferlendirmek san\u0131yorum art\u0131k teknolojinin bu kadar hayat\u0131m\u0131z\u0131n i\u00e7ine girmesiyle kesinle\u015fmi\u015f durumda.\" \/>\n<meta name=\"robots\" content=\"index, follow, max-snippet:-1, max-image-preview:large, max-video-preview:-1\" \/>\n<link rel=\"canonical\" href=\"https:\/\/susuzirmak.com\/index.php\/free-as-in-freedom\/\" \/>\n<meta property=\"og:locale\" content=\"en_US\" \/>\n<meta property=\"og:type\" content=\"article\" \/>\n<meta property=\"og:title\" content=\"Free as in freedom!! - Bir Aceminin Linux G\u00fcnl\u00fc\u011f\u00fc\" \/>\n<meta property=\"og:description\" content=\"\u00d6zg\u00fcrl\u00fc\u011f\u00fc bir b\u00fct\u00fcn halinde de\u011ferlendirmek san\u0131yorum art\u0131k teknolojinin bu kadar hayat\u0131m\u0131z\u0131n i\u00e7ine girmesiyle kesinle\u015fmi\u015f durumda.\" \/>\n<meta property=\"og:url\" content=\"https:\/\/susuzirmak.com\/index.php\/free-as-in-freedom\/\" \/>\n<meta property=\"og:site_name\" content=\"Bir Aceminin Linux G\u00fcnl\u00fc\u011f\u00fc\" \/>\n<meta property=\"article:modified_time\" content=\"2021-06-08T07:58:52+00:00\" \/>\n<meta property=\"og:image\" content=\"https:\/\/susuzirmak.com\/wp-content\/uploads\/2020\/09\/Word-Art4-300x300.png\" \/>\n<meta name=\"twitter:card\" content=\"summary_large_image\" \/>\n<meta name=\"twitter:site\" content=\"@susuzirmak\" \/>\n<meta name=\"twitter:label1\" content=\"Est. reading time\" \/>\n\t<meta name=\"twitter:data1\" content=\"2 minutes\" \/>\n<script type=\"application\/ld+json\" class=\"yoast-schema-graph\">{\"@context\":\"https:\/\/schema.org\",\"@graph\":[{\"@type\":\"WebPage\",\"@id\":\"https:\/\/susuzirmak.com\/index.php\/free-as-in-freedom\/\",\"url\":\"https:\/\/susuzirmak.com\/index.php\/free-as-in-freedom\/\",\"name\":\"Free as in freedom!! - Bir Aceminin Linux G\u00fcnl\u00fc\u011f\u00fc\",\"isPartOf\":{\"@id\":\"https:\/\/susuzirmak.com\/#website\"},\"primaryImageOfPage\":{\"@id\":\"https:\/\/susuzirmak.com\/index.php\/free-as-in-freedom\/#primaryimage\"},\"image\":{\"@id\":\"https:\/\/susuzirmak.com\/index.php\/free-as-in-freedom\/#primaryimage\"},\"thumbnailUrl\":\"https:\/\/susuzirmak.com\/wp-content\/uploads\/2020\/09\/Word-Art4-300x300.png\",\"datePublished\":\"2011-10-09T10:38:58+00:00\",\"dateModified\":\"2021-06-08T07:58:52+00:00\",\"description\":\"\u00d6zg\u00fcrl\u00fc\u011f\u00fc bir b\u00fct\u00fcn halinde de\u011ferlendirmek san\u0131yorum art\u0131k teknolojinin bu kadar hayat\u0131m\u0131z\u0131n i\u00e7ine girmesiyle kesinle\u015fmi\u015f durumda.\",\"breadcrumb\":{\"@id\":\"https:\/\/susuzirmak.com\/index.php\/free-as-in-freedom\/#breadcrumb\"},\"inLanguage\":\"en-US\",\"potentialAction\":[{\"@type\":\"ReadAction\",\"target\":[\"https:\/\/susuzirmak.com\/index.php\/free-as-in-freedom\/\"]}]},{\"@type\":\"ImageObject\",\"inLanguage\":\"en-US\",\"@id\":\"https:\/\/susuzirmak.com\/index.php\/free-as-in-freedom\/#primaryimage\",\"url\":\"https:\/\/susuzirmak.com\/wp-content\/uploads\/2020\/09\/Word-Art4-300x300.png\",\"contentUrl\":\"https:\/\/susuzirmak.com\/wp-content\/uploads\/2020\/09\/Word-Art4-300x300.png\"},{\"@type\":\"BreadcrumbList\",\"@id\":\"https:\/\/susuzirmak.com\/index.php\/free-as-in-freedom\/#breadcrumb\",\"itemListElement\":[{\"@type\":\"ListItem\",\"position\":1,\"name\":\"Home\",\"item\":\"https:\/\/susuzirmak.com\/\"},{\"@type\":\"ListItem\",\"position\":2,\"name\":\"Free as in freedom!!\"}]},{\"@type\":\"WebSite\",\"@id\":\"https:\/\/susuzirmak.com\/#website\",\"url\":\"https:\/\/susuzirmak.com\/\",\"name\":\"Bir Aceminin Linux G\u00fcnl\u00fc\u011f\u00fc\",\"description\":\"Bir Windows k\u00f6lesinin GNU\/Linux&#039;a terfisi\",\"publisher\":{\"@id\":\"https:\/\/susuzirmak.com\/#organization\"},\"potentialAction\":[{\"@type\":\"SearchAction\",\"target\":{\"@type\":\"EntryPoint\",\"urlTemplate\":\"https:\/\/susuzirmak.com\/?s={search_term_string}\"},\"query-input\":{\"@type\":\"PropertyValueSpecification\",\"valueRequired\":true,\"valueName\":\"search_term_string\"}}],\"inLanguage\":\"en-US\"},{\"@type\":\"Organization\",\"@id\":\"https:\/\/susuzirmak.com\/#organization\",\"name\":\"Bir Aceminin Linux G\u00fcnl\u00fc\u011f\u00fc\",\"url\":\"https:\/\/susuzirmak.com\/\",\"logo\":{\"@type\":\"ImageObject\",\"inLanguage\":\"en-US\",\"@id\":\"https:\/\/susuzirmak.com\/#\/schema\/logo\/image\/\",\"url\":\"https:\/\/susuzirmak.com\/wp-content\/uploads\/2020\/08\/favicon.png\",\"contentUrl\":\"https:\/\/susuzirmak.com\/wp-content\/uploads\/2020\/08\/favicon.png\",\"width\":512,\"height\":512,\"caption\":\"Bir Aceminin Linux G\u00fcnl\u00fc\u011f\u00fc\"},\"image\":{\"@id\":\"https:\/\/susuzirmak.com\/#\/schema\/logo\/image\/\"},\"sameAs\":[\"https:\/\/x.com\/susuzirmak\"]}]}<\/script>\n<!-- \/ Yoast SEO plugin. -->","yoast_head_json":{"title":"Free as in freedom!! - Bir Aceminin Linux G\u00fcnl\u00fc\u011f\u00fc","description":"\u00d6zg\u00fcrl\u00fc\u011f\u00fc bir b\u00fct\u00fcn halinde de\u011ferlendirmek san\u0131yorum art\u0131k teknolojinin bu kadar hayat\u0131m\u0131z\u0131n i\u00e7ine girmesiyle kesinle\u015fmi\u015f durumda.","robots":{"index":"index","follow":"follow","max-snippet":"max-snippet:-1","max-image-preview":"max-image-preview:large","max-video-preview":"max-video-preview:-1"},"canonical":"https:\/\/susuzirmak.com\/index.php\/free-as-in-freedom\/","og_locale":"en_US","og_type":"article","og_title":"Free as in freedom!! - Bir Aceminin Linux G\u00fcnl\u00fc\u011f\u00fc","og_description":"\u00d6zg\u00fcrl\u00fc\u011f\u00fc bir b\u00fct\u00fcn halinde de\u011ferlendirmek san\u0131yorum art\u0131k teknolojinin bu kadar hayat\u0131m\u0131z\u0131n i\u00e7ine girmesiyle kesinle\u015fmi\u015f durumda.","og_url":"https:\/\/susuzirmak.com\/index.php\/free-as-in-freedom\/","og_site_name":"Bir Aceminin Linux G\u00fcnl\u00fc\u011f\u00fc","article_modified_time":"2021-06-08T07:58:52+00:00","og_image":[{"url":"https:\/\/susuzirmak.com\/wp-content\/uploads\/2020\/09\/Word-Art4-300x300.png","type":"","width":"","height":""}],"twitter_card":"summary_large_image","twitter_site":"@susuzirmak","twitter_misc":{"Est. reading time":"2 minutes"},"schema":{"@context":"https:\/\/schema.org","@graph":[{"@type":"WebPage","@id":"https:\/\/susuzirmak.com\/index.php\/free-as-in-freedom\/","url":"https:\/\/susuzirmak.com\/index.php\/free-as-in-freedom\/","name":"Free as in freedom!! - Bir Aceminin Linux G\u00fcnl\u00fc\u011f\u00fc","isPartOf":{"@id":"https:\/\/susuzirmak.com\/#website"},"primaryImageOfPage":{"@id":"https:\/\/susuzirmak.com\/index.php\/free-as-in-freedom\/#primaryimage"},"image":{"@id":"https:\/\/susuzirmak.com\/index.php\/free-as-in-freedom\/#primaryimage"},"thumbnailUrl":"https:\/\/susuzirmak.com\/wp-content\/uploads\/2020\/09\/Word-Art4-300x300.png","datePublished":"2011-10-09T10:38:58+00:00","dateModified":"2021-06-08T07:58:52+00:00","description":"\u00d6zg\u00fcrl\u00fc\u011f\u00fc bir b\u00fct\u00fcn halinde de\u011ferlendirmek san\u0131yorum art\u0131k teknolojinin bu kadar hayat\u0131m\u0131z\u0131n i\u00e7ine girmesiyle kesinle\u015fmi\u015f durumda.","breadcrumb":{"@id":"https:\/\/susuzirmak.com\/index.php\/free-as-in-freedom\/#breadcrumb"},"inLanguage":"en-US","potentialAction":[{"@type":"ReadAction","target":["https:\/\/susuzirmak.com\/index.php\/free-as-in-freedom\/"]}]},{"@type":"ImageObject","inLanguage":"en-US","@id":"https:\/\/susuzirmak.com\/index.php\/free-as-in-freedom\/#primaryimage","url":"https:\/\/susuzirmak.com\/wp-content\/uploads\/2020\/09\/Word-Art4-300x300.png","contentUrl":"https:\/\/susuzirmak.com\/wp-content\/uploads\/2020\/09\/Word-Art4-300x300.png"},{"@type":"BreadcrumbList","@id":"https:\/\/susuzirmak.com\/index.php\/free-as-in-freedom\/#breadcrumb","itemListElement":[{"@type":"ListItem","position":1,"name":"Home","item":"https:\/\/susuzirmak.com\/"},{"@type":"ListItem","position":2,"name":"Free as in freedom!!"}]},{"@type":"WebSite","@id":"https:\/\/susuzirmak.com\/#website","url":"https:\/\/susuzirmak.com\/","name":"Bir Aceminin Linux G\u00fcnl\u00fc\u011f\u00fc","description":"Bir Windows k\u00f6lesinin GNU\/Linux&#039;a terfisi","publisher":{"@id":"https:\/\/susuzirmak.com\/#organization"},"potentialAction":[{"@type":"SearchAction","target":{"@type":"EntryPoint","urlTemplate":"https:\/\/susuzirmak.com\/?s={search_term_string}"},"query-input":{"@type":"PropertyValueSpecification","valueRequired":true,"valueName":"search_term_string"}}],"inLanguage":"en-US"},{"@type":"Organization","@id":"https:\/\/susuzirmak.com\/#organization","name":"Bir Aceminin Linux G\u00fcnl\u00fc\u011f\u00fc","url":"https:\/\/susuzirmak.com\/","logo":{"@type":"ImageObject","inLanguage":"en-US","@id":"https:\/\/susuzirmak.com\/#\/schema\/logo\/image\/","url":"https:\/\/susuzirmak.com\/wp-content\/uploads\/2020\/08\/favicon.png","contentUrl":"https:\/\/susuzirmak.com\/wp-content\/uploads\/2020\/08\/favicon.png","width":512,"height":512,"caption":"Bir Aceminin Linux G\u00fcnl\u00fc\u011f\u00fc"},"image":{"@id":"https:\/\/susuzirmak.com\/#\/schema\/logo\/image\/"},"sameAs":["https:\/\/x.com\/susuzirmak"]}]}},"_links":{"self":[{"href":"https:\/\/susuzirmak.com\/index.php\/wp-json\/wp\/v2\/pages\/969","targetHints":{"allow":["GET"]}}],"collection":[{"href":"https:\/\/susuzirmak.com\/index.php\/wp-json\/wp\/v2\/pages"}],"about":[{"href":"https:\/\/susuzirmak.com\/index.php\/wp-json\/wp\/v2\/types\/page"}],"author":[{"embeddable":true,"href":"https:\/\/susuzirmak.com\/index.php\/wp-json\/wp\/v2\/users\/1"}],"replies":[{"embeddable":true,"href":"https:\/\/susuzirmak.com\/index.php\/wp-json\/wp\/v2\/comments?post=969"}],"version-history":[{"count":17,"href":"https:\/\/susuzirmak.com\/index.php\/wp-json\/wp\/v2\/pages\/969\/revisions"}],"predecessor-version":[{"id":3147,"href":"https:\/\/susuzirmak.com\/index.php\/wp-json\/wp\/v2\/pages\/969\/revisions\/3147"}],"wp:attachment":[{"href":"https:\/\/susuzirmak.com\/index.php\/wp-json\/wp\/v2\/media?parent=969"}],"curies":[{"name":"wp","href":"https:\/\/api.w.org\/{rel}","templated":true}]}}